{"id":721,"date":"2026-04-06T11:37:10","date_gmt":"2026-04-06T09:37:10","guid":{"rendered":"https:\/\/xn--mariefranoiselequoy-eyb.fr\/?page_id=721"},"modified":"2026-04-16T13:30:06","modified_gmt":"2026-04-16T11:30:06","slug":"vanites-cuges-les-pins-var-2015","status":"publish","type":"page","link":"https:\/\/xn--mariefranoiselequoy-eyb.fr\/index.php\/vanites-cuges-les-pins-var-2015\/","title":{"rendered":"Vanit\u00e9s, Cuges les Pins, Var 2015"},"content":{"rendered":"\n\n\n\n<p>\u00ab&nbsp;VANIT\u00c9S \u00bb<\/p>\n\n\n\n<div class=\"wp-block-group\"><div class=\"wp-block-group__inner-container is-layout-constrained wp-block-group-is-layout-constrained\">\n<p class=\"has-text-align-left\" style=\"font-size:12px\">Par Marie-Fran\u00e7oise Lequoy, 2015<br>On n\u2019y peut rien, nous sommes encore mortels. Les vanit\u00e9s sont l\u00e0 pour nous le rappeler et nous remettre devant la r\u00e9alit\u00e9 de notre destin\u00e9e : la montre, le sablier, les fleurs, la bougie qui se consume sont l\u00e0 pour nous dire que le temps passe in\u00e9luctablement&nbsp;; les livres, les instruments de musique, les tissus ou les coquillages nous rappellent que notre perception \u00e0 travers nos cinq sens et notre intelligence n\u2019est qu\u2019illusion, miroir&nbsp;; les pi\u00e8ces d\u2019or ou les bijoux nous disent que toute richesse temporelle est sans avenir, la mappemonde, l\u2019astrolabe, les armes, que la puissance ou la gloire passeront avec nous, et enfin les masques, les t\u00eates de mort, les squelettes narguent notre condition humaine qui nous conduit directement \u00e0 l\u2019\u00e9tat de poussi\u00e8re. Toute notre vie ne serait-elle que vanit\u00e9 et vaine illusion&nbsp; (Vanitas vanitatum)&nbsp;? Peut- \u00eatre, puisque nous ne savons toujours rien sur l\u2019apr\u00e8s. Et pourtant, ces tableaux peuvent, aussi et paradoxalement, nous sugg\u00e9rer que, puisque notre vie est \u00e9ph\u00e9m\u00e8re, nous devons profiter au plus vite de ce qu\u2019elle nous offre&nbsp;: la beaut\u00e9 de la nature et des arts,<br>l\u2019amour \u2026 (carpe diem)&nbsp;? Bref, ces vanit\u00e9s, d\u2019une grande richesse philosophique, sont de plus en plus d\u2019actualit\u00e9, aujourd\u2019hui, o\u00f9, dans notre Occident, les libert\u00e9s individuelles s\u2019expriment dans un ego \u00e0 la recherche d\u2019un plaisir sans bornes et sans vergogne, tandis que l\u2019acc\u00e9l\u00e9ration des m\u00e9tamorphoses et le d\u00e9veloppement exponentiel de la science nous conduisent en zappant \u00e0 une illusion de connaissance universelle et \u00e0 un r\u00eave de toute puissance, voire d\u2019immortalit\u00e9. Les artistes contemporains ne s\u2019y trompent pas, qui s\u2019en emparent encore et encore!<\/p>\n<\/div><\/div>\n\n\n\n<p style=\"font-size:12px\">\u00ab&nbsp;VANIT\u00c9S SAVOUREUSES&nbsp;\u00bb 2015, 30 photographies et diaporama 8\u2019, mflp Quoi de plus repr\u00e9sentatif de notre \u00e9poque que ces publicit\u00e9s d\u00e9nich\u00e9es dans les magazines ou sur \u00e9cran qui chatouillent les d\u00e9sirs de plaisir, faisant appel \u00e0 tous nos sens, nous incitant chaque jour \u00e0 plus de richesse, plus de consommation, plus d\u2019addiction, donc plus d\u2019aveuglement et de masquage&nbsp;? A travers une trentaine d\u2019images puis\u00e9es dans les magazines ou sur internet, j\u2019ai voulu mettre en avant certains \u00e9l\u00e9ments qui marquent notre environnement quotidien (publicit\u00e9, mode, sant\u00e9, politique, art, soci\u00e9t\u00e9, histoire). En y incrustant des objets de vanit\u00e9 actuels ou vol\u00e9s dans le r\u00e9pertoire des tableaux du 17\u00e8me, j\u2019ai voulu m\u00e9langer all\u00e8grement les si\u00e8cles, puisque le sujet reste inchang\u00e9 depuis que l\u2019homme est \u00ab&nbsp;sapiens&nbsp;\u00bb. En jouant avec les quatre espaces, de la photographie, de la page de magazine, de l\u2019image repr\u00e9sent\u00e9e, et enfin du cadre photoshop, j\u2019ai voulu perdre le regardeur dans l\u2019illusion de la repr\u00e9sentation. Ces images fac\u00e9tieuses, compos\u00e9es et improvis\u00e9es \u00e0 la mani\u00e8re des \u00ab&nbsp;cadavres exquis&nbsp;\u00bb surr\u00e9alistes, intitul\u00e9es \u00ab&nbsp;vanit\u00e9s savoureuses&nbsp;\u00bb, demandent en effet \u00e0 \u00eatre savour\u00e9es tranquillement, avec un certain d\u00e9lice visuel \u2026 masquant ainsi par le biais de l\u2019humour et de l\u2019all\u00e9gorie le th\u00e8me principal des vanit\u00e9s : le triomphe de la mort.<\/p>\n","protected":false},"excerpt":{"rendered":"<p>\u00ab&nbsp;VANIT\u00c9S \u00bb Par Marie-Fran\u00e7oise Lequoy, 2015On n\u2019y peut rien, nous sommes encore mortels. Les vanit\u00e9s sont l\u00e0 pour nous le rappeler et nous remettre devant la r\u00e9alit\u00e9 de notre destin\u00e9e : la montre, le sablier, les fleurs, la bougie qui se consume sont l\u00e0 pour nous dire que le temps passe in\u00e9luctablement&nbsp;; les livres, les instruments de musique, les tissus ou les coquillages nous rappellent que notre perception \u00e0 travers nos cinq sens et notre intelligence n\u2019est qu\u2019illusion, miroir&nbsp;; les pi\u00e8ces d\u2019or ou les bijoux nous disent que toute richesse temporelle est sans avenir, la mappemonde, l\u2019astrolabe, les armes, que la puissance ou la gloire passeront avec nous, et enfin les masques, les t\u00eates de mort, les squelettes narguent notre condition humaine qui nous conduit directement \u00e0 l\u2019\u00e9tat de poussi\u00e8re. Toute notre vie ne serait-elle que vanit\u00e9 et vaine illusion&nbsp; (Vanitas vanitatum)&nbsp;? Peut- \u00eatre, puisque nous ne savons toujours rien sur l\u2019apr\u00e8s. Et pourtant, ces tableaux peuvent, aussi et paradoxalement, nous sugg\u00e9rer que, puisque notre vie est \u00e9ph\u00e9m\u00e8re, nous devons profiter au plus vite de ce qu\u2019elle nous offre&nbsp;: la beaut\u00e9 de la nature et des arts,l\u2019amour \u2026 (carpe diem)&nbsp;? Bref, ces vanit\u00e9s, d\u2019une grande richesse philosophique, sont de plus en plus d\u2019actualit\u00e9, aujourd\u2019hui, o\u00f9, dans notre Occident, les libert\u00e9s individuelles s\u2019expriment dans un ego \u00e0 la recherche d\u2019un plaisir sans bornes et sans vergogne, tandis que l\u2019acc\u00e9l\u00e9ration des m\u00e9tamorphoses et le d\u00e9veloppement exponentiel de la science nous conduisent en zappant \u00e0 une illusion de connaissance universelle et \u00e0 un r\u00eave de toute puissance, voire d\u2019immortalit\u00e9. Les artistes contemporains ne s\u2019y trompent pas, qui s\u2019en emparent encore et encore! \u00ab&nbsp;VANIT\u00c9S SAVOUREUSES&nbsp;\u00bb 2015, 30 photographies et diaporama 8\u2019, mflp Quoi de plus repr\u00e9sentatif de notre \u00e9poque que ces publicit\u00e9s d\u00e9nich\u00e9es dans les magazines ou sur \u00e9cran qui chatouillent les d\u00e9sirs de plaisir, faisant appel \u00e0 tous nos sens, nous incitant chaque jour \u00e0 plus de richesse, plus de consommation, plus d\u2019addiction, donc plus d\u2019aveuglement et de masquage&nbsp;? A travers une trentaine d\u2019images puis\u00e9es dans les magazines ou sur internet, j\u2019ai voulu mettre en avant certains \u00e9l\u00e9ments qui marquent notre environnement quotidien (publicit\u00e9, mode, sant\u00e9, politique, art, soci\u00e9t\u00e9, histoire). En y incrustant des objets de vanit\u00e9 actuels ou vol\u00e9s dans le r\u00e9pertoire des tableaux du 17\u00e8me, j\u2019ai voulu m\u00e9langer all\u00e8grement les si\u00e8cles, puisque le sujet reste inchang\u00e9 depuis que l\u2019homme est \u00ab&nbsp;sapiens&nbsp;\u00bb. En jouant avec les quatre espaces, de la photographie, de la page de magazine, de l\u2019image repr\u00e9sent\u00e9e, et enfin du cadre photoshop, j\u2019ai voulu perdre le regardeur dans l\u2019illusion de la repr\u00e9sentation. Ces images fac\u00e9tieuses, compos\u00e9es et improvis\u00e9es \u00e0 la mani\u00e8re des \u00ab&nbsp;cadavres exquis&nbsp;\u00bb surr\u00e9alistes, intitul\u00e9es \u00ab&nbsp;vanit\u00e9s savoureuses&nbsp;\u00bb, demandent en effet \u00e0 \u00eatre savour\u00e9es tranquillement, avec un certain d\u00e9lice visuel \u2026 masquant ainsi par le biais de l\u2019humour et de l\u2019all\u00e9gorie le th\u00e8me principal des vanit\u00e9s : le triomphe de la mort.<\/p>\n","protected":false},"author":1,"featured_media":0,"parent":0,"menu_order":0,"comment_status":"closed","ping_status":"closed","template":"","meta":{"footnotes":""},"class_list":["post-721","page","type-page","status-publish","hentry"],"_links":{"self":[{"href":"https:\/\/xn--mariefranoiselequoy-eyb.fr\/index.php\/wp-json\/wp\/v2\/pages\/721","targetHints":{"allow":["GET"]}}],"collection":[{"href":"https:\/\/xn--mariefranoiselequoy-eyb.fr\/index.php\/wp-json\/wp\/v2\/pages"}],"about":[{"href":"https:\/\/xn--mariefranoiselequoy-eyb.fr\/index.php\/wp-json\/wp\/v2\/types\/page"}],"author":[{"embeddable":true,"href":"https:\/\/xn--mariefranoiselequoy-eyb.fr\/index.php\/wp-json\/wp\/v2\/users\/1"}],"replies":[{"embeddable":true,"href":"https:\/\/xn--mariefranoiselequoy-eyb.fr\/index.php\/wp-json\/wp\/v2\/comments?post=721"}],"version-history":[{"count":9,"href":"https:\/\/xn--mariefranoiselequoy-eyb.fr\/index.php\/wp-json\/wp\/v2\/pages\/721\/revisions"}],"predecessor-version":[{"id":773,"href":"https:\/\/xn--mariefranoiselequoy-eyb.fr\/index.php\/wp-json\/wp\/v2\/pages\/721\/revisions\/773"}],"wp:attachment":[{"href":"https:\/\/xn--mariefranoiselequoy-eyb.fr\/index.php\/wp-json\/wp\/v2\/media?parent=721"}],"curies":[{"name":"wp","href":"https:\/\/api.w.org\/{rel}","templated":true}]}}