{"id":670,"date":"2026-01-16T11:37:34","date_gmt":"2026-01-16T10:37:34","guid":{"rendered":"https:\/\/xn--mariefranoiselequoy-eyb.fr\/?page_id=670"},"modified":"2026-02-20T16:25:02","modified_gmt":"2026-02-20T15:25:02","slug":"coesxistences-rouges","status":"publish","type":"page","link":"https:\/\/xn--mariefranoiselequoy-eyb.fr\/index.php\/coesxistences-rouges\/","title":{"rendered":"coexistences rouges 2025"},"content":{"rendered":"\n<div class=\"wp-block-group wrapmobile is-horizontal is-content-justification-center is-nowrap is-layout-flex wp-container-core-group-is-layout-c1dfda1e wp-block-group-is-layout-flex\">\n<div class=\"wp-block-group\"><div class=\"wp-block-group__inner-container is-layout-constrained wp-block-group-is-layout-constrained\">\n<p>extrait de l&#8217;exposition autour du th\u00e8me du rouge<\/p>\n<\/div><\/div>\n\n\n\n<div class=\"wp-block-group\"><div class=\"wp-block-group__inner-container is-layout-constrained wp-block-group-is-layout-constrained\">\n<figure class=\"wp-block-video\"><video height=\"480\" style=\"aspect-ratio: 852 \/ 480;\" width=\"852\" controls src=\"https:\/\/xn--mariefranoiselequoy-eyb.fr\/wp-content\/uploads\/2026\/01\/rouge-clip.mp4\"><\/video><\/figure>\n<\/div><\/div>\n<\/div>\n\n\n\n<hr class=\"wp-block-separator has-alpha-channel-opacity\"\/>\n\n\n\n<p>Cette r\u00e9cente carte blanche (second semestre 2025) pour une exposition dans un lieu priv\u00e9 a consist\u00e9 \u00e0 pr\u00e9senter une trentaine d\u2019oeuvres d\u2019amis artistes de Caen, Lorraine, Toulon et Var, et Cahors, autour du th\u00e8me du ROUGE. Le. choix de ce premier th\u00e8me m\u2019est apparu \u00e9vident lorsque, sur un coup de coeur, j\u2019ai acquis une peinture d\u2019Estelle MARLIER, cadurcienne, \u00e0 la galerie LE QUAI, tableau qui m\u2019a fait prendre conscience de mon attirance depuis toujours pour la couleur rouge, avec ses qualit\u00e9s visuelles, psychologiques, physiologiques et symboliques fortes et diverses\u2026 Le titre est n\u00e9 apr\u00e8s la visite de la Fondation REBEYROLLES \u00e0 Eymoutiers, o\u00f9 j\u2019ai remarqu\u00e9 une affiche de son exposition &#8220;COEXISTENCES&#8221; \u00e0 la fondation Maeght de Saint Paul de Vence, avec une image assez violente\u2026et d\u00e9vorante. (Voir la premi\u00e8re image de la vid\u00e9o pr\u00e9c\u00e9dente).<\/p>\n\n\n\n<p>Donc, divers rouges se c\u00f4toient, s\u2019entrechoquent, pos\u00e9s sur des mat\u00e9riaux tr\u00e8s diff\u00e9rents, du panneau led lumineux \u00e0 la peinture-peinture sur carton, bois, ou toile sur ch\u00e2ssis, en passant par le pastel, la photographie, le collage, la s\u00e9rigraphie, la plaque min\u00e9ralogique m\u00e9tallique ou, tout simplement, les impressions sur papier d\u2019affiches ou de cartons d\u2019invitation. Tous ces rouges coexistent au milieu de meubles et si\u00e8ges, ils constituent une v\u00e9ritable installation, et transforment cet espace \u00e0 la fois en un lieu vivant et dynamique, \u00e0 la fois en un support pour une r\u00e9flexion esth\u00e9tique ou en une ouverture sur l\u2019art contemporain des ann\u00e9es 1980 \u00e0 nos jours. Un exemple aussi du comment on peut vivre bien, mieux m\u00eame, avec, autour de soi, des oeuvres rencontr\u00e9es, choisies et aim\u00e9es.<\/p>\n\n\n\n<p>La seconde exposition pr\u00e9vue pour le printemps illustrera un th\u00e8me totalement diff\u00e9rent, plus conceptuel et r\u00e9unira d\u2019autres oeuvres, elle sera compl\u00e9t\u00e9e probablement au fur et \u00e0 mesure de quelques pr\u00eats qui pourront la rendre \u00e9volutive.<\/p>\n\n\n\n<p><\/p>\n","protected":false},"excerpt":{"rendered":"<p>extrait de l&#8217;exposition autour du th\u00e8me du rouge Cette r\u00e9cente carte blanche (second semestre 2025) pour une exposition dans un lieu priv\u00e9 a consist\u00e9 \u00e0 pr\u00e9senter une trentaine d\u2019oeuvres d\u2019amis artistes de Caen, Lorraine, Toulon et Var, et Cahors, autour du th\u00e8me du ROUGE. Le. choix de ce premier th\u00e8me m\u2019est apparu \u00e9vident lorsque, sur un coup de coeur, j\u2019ai acquis une peinture d\u2019Estelle MARLIER, cadurcienne, \u00e0 la galerie LE QUAI, tableau qui m\u2019a fait prendre conscience de mon attirance depuis toujours pour la couleur rouge, avec ses qualit\u00e9s visuelles, psychologiques, physiologiques et symboliques fortes et diverses\u2026 Le titre est n\u00e9 apr\u00e8s la visite de la Fondation REBEYROLLES \u00e0 Eymoutiers, o\u00f9 j\u2019ai remarqu\u00e9 une affiche de son exposition &#8220;COEXISTENCES&#8221; \u00e0 la fondation Maeght de Saint Paul de Vence, avec une image assez violente\u2026et d\u00e9vorante. (Voir la premi\u00e8re image de la vid\u00e9o pr\u00e9c\u00e9dente). Donc, divers rouges se c\u00f4toient, s\u2019entrechoquent, pos\u00e9s sur des mat\u00e9riaux tr\u00e8s diff\u00e9rents, du panneau led lumineux \u00e0 la peinture-peinture sur carton, bois, ou toile sur ch\u00e2ssis, en passant par le pastel, la photographie, le collage, la s\u00e9rigraphie, la plaque min\u00e9ralogique m\u00e9tallique ou, tout simplement, les impressions sur papier d\u2019affiches ou de cartons d\u2019invitation. Tous ces rouges coexistent au milieu de meubles et si\u00e8ges, ils constituent une v\u00e9ritable installation, et transforment cet espace \u00e0 la fois en un lieu vivant et dynamique, \u00e0 la fois en un support pour une r\u00e9flexion esth\u00e9tique ou en une ouverture sur l\u2019art contemporain des ann\u00e9es 1980 \u00e0 nos jours. Un exemple aussi du comment on peut vivre bien, mieux m\u00eame, avec, autour de soi, des oeuvres rencontr\u00e9es, choisies et aim\u00e9es. La seconde exposition pr\u00e9vue pour le printemps illustrera un th\u00e8me totalement diff\u00e9rent, plus conceptuel et r\u00e9unira d\u2019autres oeuvres, elle sera compl\u00e9t\u00e9e probablement au fur et \u00e0 mesure de quelques pr\u00eats qui pourront la rendre \u00e9volutive.<\/p>\n","protected":false},"author":1,"featured_media":0,"parent":0,"menu_order":0,"comment_status":"closed","ping_status":"closed","template":"","meta":{"footnotes":""},"class_list":["post-670","page","type-page","status-publish","hentry"],"_links":{"self":[{"href":"https:\/\/xn--mariefranoiselequoy-eyb.fr\/index.php\/wp-json\/wp\/v2\/pages\/670","targetHints":{"allow":["GET"]}}],"collection":[{"href":"https:\/\/xn--mariefranoiselequoy-eyb.fr\/index.php\/wp-json\/wp\/v2\/pages"}],"about":[{"href":"https:\/\/xn--mariefranoiselequoy-eyb.fr\/index.php\/wp-json\/wp\/v2\/types\/page"}],"author":[{"embeddable":true,"href":"https:\/\/xn--mariefranoiselequoy-eyb.fr\/index.php\/wp-json\/wp\/v2\/users\/1"}],"replies":[{"embeddable":true,"href":"https:\/\/xn--mariefranoiselequoy-eyb.fr\/index.php\/wp-json\/wp\/v2\/comments?post=670"}],"version-history":[{"count":15,"href":"https:\/\/xn--mariefranoiselequoy-eyb.fr\/index.php\/wp-json\/wp\/v2\/pages\/670\/revisions"}],"predecessor-version":[{"id":702,"href":"https:\/\/xn--mariefranoiselequoy-eyb.fr\/index.php\/wp-json\/wp\/v2\/pages\/670\/revisions\/702"}],"wp:attachment":[{"href":"https:\/\/xn--mariefranoiselequoy-eyb.fr\/index.php\/wp-json\/wp\/v2\/media?parent=670"}],"curies":[{"name":"wp","href":"https:\/\/api.w.org\/{rel}","templated":true}]}}