{"id":188,"date":"2024-02-28T15:32:52","date_gmt":"2024-02-28T14:32:52","guid":{"rendered":"https:\/\/xn--mariefranoiselequoy-eyb.fr\/?page_id=188"},"modified":"2026-04-06T11:18:24","modified_gmt":"2026-04-06T09:18:24","slug":"cv","status":"publish","type":"page","link":"https:\/\/xn--mariefranoiselequoy-eyb.fr\/index.php\/cv\/","title":{"rendered":"CV"},"content":{"rendered":"\n<p><strong>Marie-Fran\u00e7oise LEQUOY \u2013 POIR\u00c9<\/strong><br>Plasticienne, photographe, digital artiste, vit et travaille \u00e0 Toulon et dans le Lot<br>Journaliste Art contemporain<br><br><strong>Formation<\/strong> : dipl\u00f4me groupe HEC, \u00e9tudes en Arts Plastiques \u00e0 Caen, (Ecole des Beaux Arts et atelier de Recherche<br>Esth\u00e9tique), video et photographiques \u00e0 Caen et Metz, dipl\u00f4me d\u2019animateur socio-\u00e9ducatif.<br><\/p>\n\n\n\n<p><strong>PRINCIPALES EXPOSITIONS<\/strong> * en Normandie, Lorraine, Allemagne, Var, Paris (s\u00e9lection)<br><\/p>\n\n\n\n<ul class=\"wp-block-list\">\n<li><strong>1977<\/strong> <strong>&#8220;Moirages&#8221;<\/strong>, Atelier de Recherche Esth\u00e9tique, Caen, invit\u00e9e par <strong>Romain Atala<\/strong> <span class=\"imblue\">*<\/span><\/li>\n\n\n\n<li><strong>1978<\/strong> <strong>&#8221; Nonapartite 1 &#8220;<\/strong>, voilages flotttants, <em>G\u00e9n\u00e9rations<\/em>, invit\u00e9e par <strong>Romain Atala<\/strong>, installation, Th\u00e9\u00e2tre Municipal de Caen<\/li>\n\n\n\n<li><strong>1979<\/strong> <strong>&#8221; Permutations &#8211; carr\u00e9s induits&#8221;<\/strong>, graphismes, Cercle, Carr\u00e9, Triangle, A.R.E , Caen<\/li>\n\n\n\n<li><strong>1980 &#8221; Moirages et photographies&#8221;<\/strong>, Th\u00e9\u00e2tre de la Com\u00e9die de Caen, Galerie Goupil, Alen\u00e7on <span class=\"imblue\">*<\/span> <br><strong>&#8221; Installation pour grillages, lumi\u00e8re et photos &#8220;<\/strong>, <em>Art Syst\u00e9matique<\/em>, Galerie A.R.E., Caen<br><strong>&#8221; Moirages n\u00b04 &#8220;<\/strong>, <em>Triennale de l&#8217;Abstraction<\/em>, Ch\u00e2teau de Caen, Galerie A.R.E<\/li>\n\n\n\n<li><strong>1982<\/strong> <strong>&#8221; Installation pour trames et projecteur &#8220;<\/strong>, <em>Cercle, Carr\u00e9, Triangle III<\/em>&#8220;, Caen <br><strong>&#8221; Moirages n\u00b05 et R\u00e9seau n\u00b04 &#8220;<\/strong>, <em>Expression Textile<\/em>, Th\u00e9\u00e2tre Municipal de Caen <br><strong>&#8221; Nonapartite 3 et carr\u00e9 4 &#8220;<\/strong>, grillages, Comparaisons, Grand Palais, groupe <strong>V\u00e9ra Molnar<\/strong>, Paris <br><strong>&#8221; Trames-dias &#8220;<\/strong>, K 18, <em>Stoffwechsel<\/em>, Kassel (Allemagne, Documenta off)<\/li>\n\n\n\n<li><strong>1983<\/strong> <strong>&#8221; Visions, 125 photographies &#8220;<\/strong>, Th\u00e9\u00e2tre Municipal de Caen <span class=\"imblue\">*<\/span><\/li>\n\n\n\n<li><strong>1985<\/strong> <strong>&#8220;123, 234, 345, 456\u2026&#8221;<\/strong>, photographies, <em>Photographie Exp\u00e9rimentale<\/em>, Th\u00e9\u00e2tre Municipal de Caen, Maison de la Culture de Mondeville R\u00e9alisation et commissariat de l&#8217;exposition <br><strong>&#8221; Image M\u00e9tallographique &#8220;<\/strong>, avec la Soci\u00e9t\u00e9 M\u00e9tallurgique de Normandie et Surface Sensible, exposition itin\u00e9rante, Conf\u00e9rences <br><strong>&#8220;Image et Ordinateur<\/strong>&#8220;, th\u00e9\u00e2tre Municipal, Caen<\/li>\n\n\n\n<li><strong>1986 &#8221; Installation pour Trames &amp; Video &#8220;<\/strong>, musique <strong>F.Giovaninetti<\/strong>, Centre culturel de la F.O.L du Calvados et H\u00f4tel d\u2019Escoville, Caen <span class=\"imblue\">*<\/span> <br><strong>&#8221; Hommage au Pont-Neuf revisited par Christo&#8221;<\/strong>, projections dias en triptyques <span class=\"imblue\">*<\/span> <br><strong>&#8221; Vaches &#8211; trames &#8220;<\/strong>, projection dias, <em>l&#8217;Art Aux Champs<\/em>, Vire<\/li>\n\n\n\n<li><strong>1991 &#8221; Image Scientifique &#8220;<\/strong>, avec <strong>B.Caillaud<\/strong>, Lyc\u00e9e Malherbe, Caen<\/li>\n\n\n\n<li><strong>1994 &#8221; Fait divers n\u00b0 14\/93\/01\/30\/95, extraits &#8220;<\/strong>, installation autour de l&#8217;incendie criminel de ma maison, Galerie 175, Dozul\u00e9 (14)<span class=\"imblue\">*<\/span><\/li>\n\n\n\n<li><strong>1995 &#8221; G\u00e9o &#8211; logique n\u00b01 &#8220;<\/strong>, infographismes, Rencontres Internationales d&#8217;Arts Plastiques, Eglise du S\u00e9pulcre, Galerie A.R.E. Caen<\/li>\n\n\n\n<li><strong>1996 &#8221; G\u00e9o &#8211; logique n\u00b02&#8243;<\/strong>, installation, <em>Art fossile<\/em>, Maison des D\u00eemes, Gondreville (54)<span class=\"imblue\">*<\/span> <br><strong>&#8221; Pierre philosophale &#8220;<\/strong>, micro-installation photographique, Maison de la Culture, Metz, invitation <strong>Patrick Kuhn<\/strong><\/li>\n\n\n\n<li><strong>1997 &#8221; Pr\u00e9sents divers&#8221;<\/strong>, installation photographique, <em>Grains d\u2019argent<\/em>, Galerie Municipale Poirel, Nancy, et invit\u00e9e par <strong>Marie-j\u00e9sus Diaz<\/strong><\/li>\n\n\n\n<li><strong>1998 &#8221; [(Fait + Pr\u00e9sent) divers]&#8221;<\/strong>, photographies, inventaires et expertises, Galerie Oeil, Forbach <span class=\"imblue\">*<\/span> <br><strong>&#8221; G\u00e9o &#8211; logique n\u00b03\u201d<\/strong>, infographismes,<em> Entgrentzt<\/em>, Mus\u00e9e Wilhelm Hack, Ludwigshafen, Allemagne<\/li>\n\n\n\n<li><strong>2000 <\/strong>Op\u00e9ration<strong> &#8220;<em>2000 artistes<\/em>&#8220;<\/strong> au coll\u00e8ge Jacques Cartier, Chauny et Maison de la Culture d\u2019Amiens<\/li>\n\n\n\n<li><strong>2001 &#8221; Pr\u00e9lude \u00e0 Prom\u00e9th\u00e9e&#8221;<\/strong>, Caf\u00e9 Lecture 2001, Toulon <span class=\"imblue\">*<\/span> <br><strong>&#8221; Prom\u00e9th\u00e9e d\u00e9cha\u00een\u00e9 &#8220;<\/strong> &#8211; du chaos au clone -, installation (photographies, pixels, syst\u00e8mes) , Centre d&#8217;art Le Bosphore, La Seyne sur mer<span class=\"imblue\">*<\/span><\/li>\n\n\n\n<li><strong>2003 &#8221; Progr\u00e8s&#8221;<\/strong>, <em>L\u2019eau et le Feu<\/em>, \u00e0 La Maison des Arts de Carc\u00e8s et \u00e0 la m\u00e9diath\u00e8que du Cannet des Maures, (83) <br><strong>&#8221; Art et Ordinateur &#8220;<\/strong>, micro-espace Di@gonales, Le Castellet <span class=\"imblue\">*<\/span><\/li>\n\n\n\n<li><strong>2006 &#8221; Clins d\u2019oeil &#8220;<\/strong>, commissariat, Galerie Page 22, Barjols<\/li>\n\n\n\n<li><strong>2012 &#8221; Vous avez dit art\u2026&#8221;<\/strong>, exposition en trois parties : <br>              <strong>&#8220;explorer&#8221;<\/strong>, \u00e0 la Galerie de la Porte d\u2019Italie, Toulon <span class=\"imblue\">*<\/span> <br>              <strong>&#8220;regarder&#8221;<\/strong>, \u00e0 la Galerie des Remparts, art contemporain, Toulon <span class=\"imblue\">*<\/span> <br>              <strong>&#8220;d\u00e9tourner&#8221;<\/strong>, \u00e0 l\u2019espace d\u2019art contemporain, Artmandat, Barjols, 83 <span class=\"imblue\">*<\/span><\/li>\n\n\n\n<li><strong>2014 \u201c Une journ\u00e9e \u00e0 la ligne\u201d<\/strong>, diaporama, <em>La Ligne<\/em>, Chapelle de Fox Amphoux * <br><strong>\u201c Visions # 2, Friedrich aujourd\u2019hui\u201d<\/strong>, <em>Paysages<\/em>, Barjols, Armandat  <br><strong>\u201c Carr\u00e9s induits-d\u00e9duits-d\u00e9truits\u201d<\/strong>, vid\u00e9os et graphismes, chapelle de Fox-Amphoux Galerie Format <span class=\"imblue\">*<\/span> <br><strong>\u201c Ready-made m\u00e9talliques \u201c<\/strong> , projection Dias, <em>Clairs de lune<\/em>, \u00e0 Cuges-les-Poins, Tadlachance, et \u00e0 la Maison de la Culture, Mondeville, 14<\/li>\n\n\n\n<li><strong>2015 &#8221; Vanit\u00e9s&#8221;<\/strong>, livre montages photographiques, Centre Culturel, Cuges Les Pins, pour <em>tadlachance<\/em> <br><strong>&#8220;Couplicit\u00e9s&#8221;<\/strong>, livre photographique de 35 diptyques, <em>le couple<\/em>, Galerie Artmandat, Barjols <br><strong>&#8220;Carr\u00e9s induits\u201d<\/strong>, graphismes sur ordinateur, <em>tour de chauffe<\/em>, Galerie \u201cLa porte \u00e9troite\u201d, Toulon <br><strong>&#8220;Cible&#8221;<\/strong>, graphisme anim\u00e9,<em> cibles<\/em>, Galerie Topic, Saint-Raphael<\/li>\n\n\n\n<li><strong>2016 \u201cVibrer\u201d<\/strong>, installation photo-graphique-musicale, avec la composition musicale de<strong> Jean-S\u00e9bastien Mariage<\/strong> et la voix de <strong>Catherine Jauniaux<\/strong>, galerie Format, Fox-Amphoux (83)<br><strong>&#8220;Photographie fait-divers&#8221;<\/strong>, pour l&#8217;exposition FMR \u00e0 Lorgues<\/li>\n\n\n\n<li><strong>2017 &#8220;Lumi\u00e8re d\u00e9roul\u00e9e&#8221;<\/strong>, vid\u00e9o pour<em> Lumi\u00e8res<\/em>, Galerie Artmandat, Barjols<\/li>\n\n\n\n<li><strong>2024 &#8220;Onde nautique&#8221;<\/strong>, exposition en duo avec <strong>Vera Molnar<\/strong>, Galerie &#8220;Contenus d\u00e9bordants&#8221;, Toulon<\/li>\n\n\n\n<li><strong>2025 &#8220;Coexistences rouges&#8221;<\/strong>, carte blanche dans un appartement priv\u00e9*<\/li>\n<\/ul>\n\n\n\n<p><strong><span class=\"imblue\">*<\/span> : exposition personnelle<\/strong><\/p>\n\n\n\n<p><strong>VIDEOS<\/strong><\/p>\n\n\n\n<ul class=\"wp-block-list\">\n<li><strong>&#8220;Transparences&#8221;<\/strong>, V.H.S, 10&#8242;, <strong>Musique Frank Giovaninetti<\/strong>, 1986 &#8211; Vid\u00e9o A.R.T, 1980 &#8211; <\/li>\n\n\n\n<li> Vid\u00e9os Artistes \u2013 Vid\u00e9os Vernissages, 2000 \u2013 2011 \u2013<\/li>\n\n\n\n<li><strong>&#8220;Voir et reconna\u00eetre&#8221;<\/strong>, <strong>&#8221; Voir et ressentir&#8221;<\/strong>, <strong>&#8221; Voir et oublier<\/strong>&#8220;, 2012, trois slide shows<\/li>\n\n\n\n<li><strong>&#8220;Autour&#8221;<\/strong>, film vid\u00e9o 80\u2019, vid\u00e9o reportage sur les vernissages et autour de l\u2019art<\/li>\n\n\n\n<li><strong>&#8220;Lumi\u00e8re d\u00e9roul\u00e9e&#8221;<\/strong>, <strong>&#8220;Vibrer&#8221;<\/strong>, court-m\u00e9trages<\/li>\n\n\n\n<li><strong>\u201cCarr\u00e9s-induits-d\u00e9truits-\u201c<\/strong>, <strong>Musique Frank Giovaninetti<\/strong><\/li>\n<\/ul>\n\n\n\n<p><strong>ECRITURES ET JOURNALISME <\/strong><\/p>\n\n\n\n<p>Laur\u00e9ate \u00e0 plusieurs concours de nouvelles (2000 :Prix transfrontalier de la nouvelle br\u00e8ve, \u00e9ditions<br>de Vignaubi\u00e8re), textes pour catalogues d\u2019artistes, nouvelles br\u00e8ves, articles et textes critiques sur<br>l\u2019art contemporain, dossiers de presse, cr\u00e9ation de bulletins d\u2019information etc\u2026..<\/p>\n\n\n\n<ul class=\"wp-block-list has-black-color has-text-color has-link-color wp-elements-3caeb7c791067f0ed92467ba91d0c79d\">\n<li><strong>Cr\u00e9ation de bulletins d\u2019information<\/strong> pour diff\u00e9rents organismes<\/li>\n\n\n\n<li><strong>Correspondante de presse<\/strong> de 1995 \u00e0 2000 pour la chronique \u201dGrand-Angle sur la Lorraine\u201d du<br>bi-hebdomadaire <strong>&#8220;Les Affiches-Moniteur d\u2019Alsace Lorraine &#8220;<\/strong>, puis pour la chronique <strong>Actus Art<\/strong><br>du site culturel toulonnais <a href=\"http:\/\/www.yaquoi.com\" target=\"_blank\" rel=\"noreferrer noopener\">yaquoi.com<\/a>, et pour <strong>&#8221; Les Temps d\u2019Art &#8220;<\/strong>, revue et site de la<br>F\u00e9d\u00e9ration R\u00e9gionale des Arts Plastiques &#8211; \u00e9criture de textes pour <strong>catalogues d\u2019artistes<\/strong><\/li>\n<\/ul>\n\n\n\n<p><strong>BIBLIOGRAPHIE<\/strong><\/p>\n\n\n\n<ul class=\"wp-block-list has-black-color has-text-color has-link-color wp-elements-0a5ecdca70ce86ad196e061e9544e330\">\n<li><strong>Livres et revues : &#8220;La cr\u00e9ation num\u00e9rique &#8211; aspects du Computer Art depuis ses origines&#8221;, de B. Caillaud<\/strong>. Europia, Paris, nov 2001. <strong>&#8220;L&#8217;Animal&#8221;<\/strong>, Litt\u00e9ratures, Arts &amp; Philosophies, n\u00b05,1998 &#8211; <strong>&#8220;Projection &#8220;<\/strong>, 1980<\/li>\n\n\n\n<li><strong>Catalogues<\/strong> : &#8220;1\u00e8re triennale de l&#8217;abstraction&#8221;, Ed. A.R.E., 1981 &#8211; &#8220;Comparaisons&#8221;, 1982 &#8211; &#8220;G\u00e9n\u00e9rations&#8221;, &#8220;Visions&#8221;, Ed. Ville de Caen &#8211; &#8220;Image m\u00e9tallographique, photo exp\u00e9rimentale&#8221;, \u00e9dition Surface Sensible, 1985 &#8211; &#8220;Expo 91&#8221;, Lyc\u00e9e Malherbe, Caen &#8211; &#8220;Mus\u00e9e de l&#8217;Image scientifique&#8221;, manifeste &#8211; &#8220;Entgrenzt&#8221;, Wilhelm-Hack-Museum, Ed. Anker, 1999, &#8221; L\u2019eau et le feu &#8220;, dialogues litt\u00e9raires et plastiques, Ed. Thesauris coloris<\/li>\n\n\n\n<li><strong>La presse<\/strong> : Yaquoi.com, Var-Matin, L&#8217;Embarcad\u00e8re, L&#8217;Est-R\u00e9publicain, Le R\u00e9publicain Lorrain,<br>Les Affiches Moniteur d&#8217;Alsace et de Lorraine, Ouest-France, Le Pays d&#8217;Auge, Textile Art, Revue<br>Unim\u00e9tal, Libert\u00e9 de Normandie, le Figaro Normandie, Le Mois \u00e0 Caen, Inform&#8217;, revue A.R.E,<br><a href=\"http:\/\/www.yaquoi.com\" target=\"_blank\" rel=\"noreferrer noopener\">yaquoi.com<\/a><\/li>\n<\/ul>\n\n\n\n<p><strong>ASSOCIATIONS<\/strong><\/p>\n\n\n\n<ul class=\"wp-block-list\">\n<li><strong>Organisation<\/strong> d&#8217;expositions avec les associations caennaises AMCAC, (membre du CA), <strong>Surface Sensible<\/strong> (vice-pr\u00e9sidente), cr\u00e9ation de Di@gonales, micro-galerie au Castellet (83), commissariat de \u201cVous avez dit Art ? comme c\u2019est Art !\u201d, de \u201cArt et Ordinateur\u201d, \u00e0 la galerie Di@gonales, de &#8221; Clins d\u2019\u0153il &#8221; \u00e0 la Galerie Page 22, Barjols, membre des associations &#8221; Centre d\u2019art contemporain de la Synagogue de Delme &#8220;, <strong>\u201cArtmandat\u201d<\/strong> de Barjols, etc..<\/li>\n\n\n\n<li><strong>Membre<\/strong> du C.A. de <strong>l\u2019Association pour les Mus\u00e9es de Toulon<\/strong> de 2006 \u00e0 2009, de 2006 \u00e0 2012 <strong>mise en \u0153uvre du projet &#8221; Sensibilisation \u00e0 l\u2019Art Contemporain &#8220;<\/strong> : organisation d\u2019un cycle de trois ans de conf\u00e9rences sur l\u2019art contemporain, de voyages, de visites d\u2019ateliers, r\u00e9daction d\u2019un bulletin d\u2019information envoy\u00e9 par mail\u2026<\/li>\n\n\n\n<li><strong>Animation<\/strong> d&#8217;ateliers d&#8217;art plastique, de photographie et d&#8217;informatique en milieu scolaire et adultes<\/li>\n\n\n\n<li><strong>Participation \u00e0 plusieurs jurys d\u2019art<\/strong><\/li>\n\n\n\n<li><strong>Membre du C.A de l\u2019Association Artmandat, Barjols<\/strong><\/li>\n<\/ul>\n","protected":false},"excerpt":{"rendered":"<p>Marie-Fran\u00e7oise LEQUOY \u2013 POIR\u00c9Plasticienne, photographe, digital artiste, vit et travaille \u00e0 Toulon et dans le LotJournaliste Art contemporain Formation : dipl\u00f4me groupe HEC, \u00e9tudes en Arts Plastiques \u00e0 Caen, (Ecole des Beaux Arts et atelier de RechercheEsth\u00e9tique), video et photographiques \u00e0 Caen et Metz, dipl\u00f4me d\u2019animateur socio-\u00e9ducatif. PRINCIPALES EXPOSITIONS * en Normandie, Lorraine, Allemagne, Var, Paris (s\u00e9lection) * : exposition personnelle VIDEOS ECRITURES ET JOURNALISME Laur\u00e9ate \u00e0 plusieurs concours de nouvelles (2000 :Prix transfrontalier de la nouvelle br\u00e8ve, \u00e9ditionsde Vignaubi\u00e8re), textes pour catalogues d\u2019artistes, nouvelles br\u00e8ves, articles et textes critiques surl\u2019art contemporain, dossiers de presse, cr\u00e9ation de bulletins d\u2019information etc\u2026.. BIBLIOGRAPHIE ASSOCIATIONS<\/p>\n","protected":false},"author":1,"featured_media":0,"parent":0,"menu_order":0,"comment_status":"closed","ping_status":"closed","template":"","meta":{"footnotes":""},"class_list":["post-188","page","type-page","status-publish","hentry"],"_links":{"self":[{"href":"https:\/\/xn--mariefranoiselequoy-eyb.fr\/index.php\/wp-json\/wp\/v2\/pages\/188","targetHints":{"allow":["GET"]}}],"collection":[{"href":"https:\/\/xn--mariefranoiselequoy-eyb.fr\/index.php\/wp-json\/wp\/v2\/pages"}],"about":[{"href":"https:\/\/xn--mariefranoiselequoy-eyb.fr\/index.php\/wp-json\/wp\/v2\/types\/page"}],"author":[{"embeddable":true,"href":"https:\/\/xn--mariefranoiselequoy-eyb.fr\/index.php\/wp-json\/wp\/v2\/users\/1"}],"replies":[{"embeddable":true,"href":"https:\/\/xn--mariefranoiselequoy-eyb.fr\/index.php\/wp-json\/wp\/v2\/comments?post=188"}],"version-history":[{"count":40,"href":"https:\/\/xn--mariefranoiselequoy-eyb.fr\/index.php\/wp-json\/wp\/v2\/pages\/188\/revisions"}],"predecessor-version":[{"id":709,"href":"https:\/\/xn--mariefranoiselequoy-eyb.fr\/index.php\/wp-json\/wp\/v2\/pages\/188\/revisions\/709"}],"wp:attachment":[{"href":"https:\/\/xn--mariefranoiselequoy-eyb.fr\/index.php\/wp-json\/wp\/v2\/media?parent=188"}],"curies":[{"name":"wp","href":"https:\/\/api.w.org\/{rel}","templated":true}]}}